{"id":2412,"date":"2022-07-25T10:39:15","date_gmt":"2022-07-25T09:39:15","guid":{"rendered":"http:\/\/sonotone.ma\/?post_type=product&#038;p=2412"},"modified":"2022-07-25T10:41:40","modified_gmt":"2022-07-25T09:41:40","slug":"anti-eau-sur-mesure","status":"publish","type":"product","link":"https:\/\/sonotone.ma\/en\/product\/anti-eau-sur-mesure\/","title":{"rendered":"Bouchon d\u2019oreille anti eau sur mesure"},"content":{"rendered":"<p>Vous avez besoin de<strong>\u00a0prot\u00e9ger vos oreilles de l\u2019eau<\/strong>: Sonotone vous propose les <strong>bouchons d\u2019oreille anti-eau sur mesure<\/strong>.<\/p>\n<p>Afin d\u2019\u00eatre parfaitement \u00e9tanches, des bouchons d\u2019oreille anti-eau doivent \u00eatre fait<strong>\u00a0On request<\/strong>. Seuls les bouchons sur mesure peuvent\u00a0<strong>garantir une bonne \u00e9tanch\u00e9it\u00e9<\/strong>. Ces bouchons d\u2019oreille n\u00e9cessitent une\u00a0<strong>prise d\u2019empreinte<\/strong>, puis sont r\u00e9alis\u00e9s dans nos locaux dans un\u00a0<strong>d\u00e9lai de 2 \u00e0 7 jours<\/strong>.<\/p>\n<p><img loading=\"lazy\" decoding=\"async\" class=\"alignnone size-full wp-image-2415\" src=\"http:\/\/sonotone.ma\/wp-content\/uploads\/2022\/07\/53885.jpg\" alt=\"\" width=\"462\" height=\"250\" \/><\/p>\n<p>Les bouchons anti-eau permettent de prot\u00e9ger l\u2019oreille de l\u2019eau, des \u00e9claboussures. Il ne faut en aucun cas utiliser les bouchons pour la plonger sous marine.<\/p>","protected":false},"excerpt":{"rendered":"<p>Vous avez besoin de\u00a0prot\u00e9ger vos oreilles de l\u2019eau: Sonotone vous propose les bouchons d\u2019oreille anti-eau sur mesure. Afin d\u2019\u00eatre parfaitement \u00e9tanches, des bouchons d\u2019oreille anti-eau doivent \u00eatre fait\u00a0sur mesure. Seuls les bouchons sur mesure peuvent\u00a0garantir une bonne \u00e9tanch\u00e9it\u00e9. Ces bouchons d\u2019oreille n\u00e9cessitent une\u00a0prise d\u2019empreinte, puis sont r\u00e9alis\u00e9s dans nos locaux<\/p>","protected":false},"featured_media":2413,"template":"","meta":[],"product_cat":[15],"product_tag":[],"class_list":["post-2412","product","type-product","status-publish","has-post-thumbnail","hentry","product_cat-uncategorized"],"yoast_head":"<!-- This site is optimized with the Yoast SEO Premium plugin v27.1 (Yoast SEO v27.1) - https:\/\/yoast.com\/product\/yoast-seo-premium-wordpress\/ -->\n<title>Bouchon d\u2019oreille anti eau sur mesure - Sonotone<\/title>\n<meta name=\"robots\" content=\"index, follow, max-snippet:-1, max-image-preview:large, max-video-preview:-1\" \/>\n<link rel=\"canonical\" href=\"https:\/\/sonotone.ma\/en\/product\/anti-eau-sur-mesure\/\" \/>\n<meta property=\"og:locale\" content=\"en_US\" \/>\n<meta property=\"og:type\" content=\"article\" \/>\n<meta property=\"og:title\" content=\"Bouchon d\u2019oreille anti eau sur mesure\" \/>\n<meta property=\"og:description\" content=\"Vous avez besoin de\u00a0prot\u00e9ger vos oreilles de l\u2019eau: Sonotone vous propose les bouchons d\u2019oreille anti-eau sur mesure. Afin d\u2019\u00eatre parfaitement \u00e9tanches, des bouchons d\u2019oreille anti-eau doivent \u00eatre fait\u00a0sur mesure. Seuls les bouchons sur mesure peuvent\u00a0garantir une bonne \u00e9tanch\u00e9it\u00e9. Ces bouchons d\u2019oreille n\u00e9cessitent une\u00a0prise d\u2019empreinte, puis sont r\u00e9alis\u00e9s dans nos locaux\" \/>\n<meta property=\"og:url\" content=\"https:\/\/sonotone.ma\/en\/product\/anti-eau-sur-mesure\/\" \/>\n<meta property=\"og:site_name\" content=\"Sonotone\" \/>\n<meta property=\"article:publisher\" content=\"https:\/\/www.facebook.com\/sonotone.ma\/\" \/>\n<meta property=\"article:modified_time\" content=\"2022-07-25T09:41:40+00:00\" \/>\n<meta property=\"og:image\" content=\"https:\/\/sonotone.ma\/wp-content\/uploads\/2022\/07\/obturateurs_web1.webp\" \/>\n\t<meta property=\"og:image:width\" content=\"400\" \/>\n\t<meta property=\"og:image:height\" content=\"300\" \/>\n\t<meta property=\"og:image:type\" content=\"image\/webp\" \/>\n<meta name=\"twitter:card\" content=\"summary_large_image\" \/>\n<script type=\"application\/ld+json\" class=\"yoast-schema-graph\">{\"@context\":\"https:\/\/schema.org\",\"@graph\":[{\"@type\":\"WebPage\",\"@id\":\"https:\/\/sonotone.ma\/product\/anti-eau-sur-mesure\/\",\"url\":\"https:\/\/sonotone.ma\/product\/anti-eau-sur-mesure\/\",\"name\":\"Bouchon d\u2019oreille anti eau sur mesure - Sonotone\",\"isPartOf\":{\"@id\":\"https:\/\/sonotone.ma\/#website\"},\"primaryImageOfPage\":{\"@id\":\"https:\/\/sonotone.ma\/product\/anti-eau-sur-mesure\/#primaryimage\"},\"image\":{\"@id\":\"https:\/\/sonotone.ma\/product\/anti-eau-sur-mesure\/#primaryimage\"},\"thumbnailUrl\":\"https:\/\/sonotone.ma\/wp-content\/uploads\/2022\/07\/obturateurs_web1.webp\",\"datePublished\":\"2022-07-25T09:39:15+00:00\",\"dateModified\":\"2022-07-25T09:41:40+00:00\",\"breadcrumb\":{\"@id\":\"https:\/\/sonotone.ma\/product\/anti-eau-sur-mesure\/#breadcrumb\"},\"inLanguage\":\"en-US\",\"potentialAction\":[{\"@type\":\"ReadAction\",\"target\":[\"https:\/\/sonotone.ma\/product\/anti-eau-sur-mesure\/\"]}]},{\"@type\":\"ImageObject\",\"inLanguage\":\"en-US\",\"@id\":\"https:\/\/sonotone.ma\/product\/anti-eau-sur-mesure\/#primaryimage\",\"url\":\"https:\/\/sonotone.ma\/wp-content\/uploads\/2022\/07\/obturateurs_web1.webp\",\"contentUrl\":\"https:\/\/sonotone.ma\/wp-content\/uploads\/2022\/07\/obturateurs_web1.webp\",\"width\":400,\"height\":300},{\"@type\":\"BreadcrumbList\",\"@id\":\"https:\/\/sonotone.ma\/product\/anti-eau-sur-mesure\/#breadcrumb\",\"itemListElement\":[{\"@type\":\"ListItem\",\"position\":1,\"name\":\"Home\",\"item\":\"https:\/\/sonotone.ma\/\"},{\"@type\":\"ListItem\",\"position\":2,\"name\":\"Sonotone Boutique\",\"item\":\"https:\/\/sonotone.ma\/shop\/\"},{\"@type\":\"ListItem\",\"position\":3,\"name\":\"Bouchon d\u2019oreille anti eau sur mesure\"}]},{\"@type\":\"WebSite\",\"@id\":\"https:\/\/sonotone.ma\/#website\",\"url\":\"https:\/\/sonotone.ma\/\",\"name\":\"Sonotone\",\"description\":\"centres de correction auditive\",\"publisher\":{\"@id\":\"https:\/\/sonotone.ma\/#organization\"},\"potentialAction\":[{\"@type\":\"SearchAction\",\"target\":{\"@type\":\"EntryPoint\",\"urlTemplate\":\"https:\/\/sonotone.ma\/?s={search_term_string}\"},\"query-input\":{\"@type\":\"PropertyValueSpecification\",\"valueRequired\":true,\"valueName\":\"search_term_string\"}}],\"inLanguage\":\"en-US\"},{\"@type\":\"Organization\",\"@id\":\"https:\/\/sonotone.ma\/#organization\",\"name\":\"Sonotone\",\"url\":\"https:\/\/sonotone.ma\/\",\"logo\":{\"@type\":\"ImageObject\",\"inLanguage\":\"en-US\",\"@id\":\"https:\/\/sonotone.ma\/#\/schema\/logo\/image\/\",\"url\":\"https:\/\/sonotone.ma\/wp-content\/uploads\/2026\/03\/Logo-Sonotone-V1-01-1.png\",\"contentUrl\":\"https:\/\/sonotone.ma\/wp-content\/uploads\/2026\/03\/Logo-Sonotone-V1-01-1.png\",\"width\":300,\"height\":143,\"caption\":\"Sonotone\"},\"image\":{\"@id\":\"https:\/\/sonotone.ma\/#\/schema\/logo\/image\/\"},\"sameAs\":[\"https:\/\/www.facebook.com\/sonotone.ma\/\",\"https:\/\/www.youtube.com\/@sonotonesonotone5052\",\"https:\/\/www.instagram.com\/sonotone_ma\/\"]}]}<\/script>\n<!-- \/ Yoast SEO Premium plugin. -->","yoast_head_json":{"title":"Bouchon d\u2019oreille anti eau sur mesure - Sonotone","robots":{"index":"index","follow":"follow","max-snippet":"max-snippet:-1","max-image-preview":"max-image-preview:large","max-video-preview":"max-video-preview:-1"},"canonical":"https:\/\/sonotone.ma\/en\/product\/anti-eau-sur-mesure\/","og_locale":"en_US","og_type":"article","og_title":"Bouchon d\u2019oreille anti eau sur mesure","og_description":"Vous avez besoin de\u00a0prot\u00e9ger vos oreilles de l\u2019eau: Sonotone vous propose les bouchons d\u2019oreille anti-eau sur mesure. Afin d\u2019\u00eatre parfaitement \u00e9tanches, des bouchons d\u2019oreille anti-eau doivent \u00eatre fait\u00a0sur mesure. Seuls les bouchons sur mesure peuvent\u00a0garantir une bonne \u00e9tanch\u00e9it\u00e9. Ces bouchons d\u2019oreille n\u00e9cessitent une\u00a0prise d\u2019empreinte, puis sont r\u00e9alis\u00e9s dans nos locaux","og_url":"https:\/\/sonotone.ma\/en\/product\/anti-eau-sur-mesure\/","og_site_name":"Sonotone","article_publisher":"https:\/\/www.facebook.com\/sonotone.ma\/","article_modified_time":"2022-07-25T09:41:40+00:00","og_image":[{"width":400,"height":300,"url":"https:\/\/sonotone.ma\/wp-content\/uploads\/2022\/07\/obturateurs_web1.webp","type":"image\/webp"}],"twitter_card":"summary_large_image","schema":{"@context":"https:\/\/schema.org","@graph":[{"@type":"WebPage","@id":"https:\/\/sonotone.ma\/product\/anti-eau-sur-mesure\/","url":"https:\/\/sonotone.ma\/product\/anti-eau-sur-mesure\/","name":"Bouchon d\u2019oreille anti eau sur mesure - Sonotone","isPartOf":{"@id":"https:\/\/sonotone.ma\/#website"},"primaryImageOfPage":{"@id":"https:\/\/sonotone.ma\/product\/anti-eau-sur-mesure\/#primaryimage"},"image":{"@id":"https:\/\/sonotone.ma\/product\/anti-eau-sur-mesure\/#primaryimage"},"thumbnailUrl":"https:\/\/sonotone.ma\/wp-content\/uploads\/2022\/07\/obturateurs_web1.webp","datePublished":"2022-07-25T09:39:15+00:00","dateModified":"2022-07-25T09:41:40+00:00","breadcrumb":{"@id":"https:\/\/sonotone.ma\/product\/anti-eau-sur-mesure\/#breadcrumb"},"inLanguage":"en-US","potentialAction":[{"@type":"ReadAction","target":["https:\/\/sonotone.ma\/product\/anti-eau-sur-mesure\/"]}]},{"@type":"ImageObject","inLanguage":"en-US","@id":"https:\/\/sonotone.ma\/product\/anti-eau-sur-mesure\/#primaryimage","url":"https:\/\/sonotone.ma\/wp-content\/uploads\/2022\/07\/obturateurs_web1.webp","contentUrl":"https:\/\/sonotone.ma\/wp-content\/uploads\/2022\/07\/obturateurs_web1.webp","width":400,"height":300},{"@type":"BreadcrumbList","@id":"https:\/\/sonotone.ma\/product\/anti-eau-sur-mesure\/#breadcrumb","itemListElement":[{"@type":"ListItem","position":1,"name":"Home","item":"https:\/\/sonotone.ma\/"},{"@type":"ListItem","position":2,"name":"Sonotone Boutique","item":"https:\/\/sonotone.ma\/shop\/"},{"@type":"ListItem","position":3,"name":"Bouchon d\u2019oreille anti eau sur mesure"}]},{"@type":"WebSite","@id":"https:\/\/sonotone.ma\/#website","url":"https:\/\/sonotone.ma\/","name":"Sonotone","description":"centres de correction auditive","publisher":{"@id":"https:\/\/sonotone.ma\/#organization"},"potentialAction":[{"@type":"SearchAction","target":{"@type":"EntryPoint","urlTemplate":"https:\/\/sonotone.ma\/?s={search_term_string}"},"query-input":{"@type":"PropertyValueSpecification","valueRequired":true,"valueName":"search_term_string"}}],"inLanguage":"en-US"},{"@type":"Organization","@id":"https:\/\/sonotone.ma\/#organization","name":"Sonotone","url":"https:\/\/sonotone.ma\/","logo":{"@type":"ImageObject","inLanguage":"en-US","@id":"https:\/\/sonotone.ma\/#\/schema\/logo\/image\/","url":"https:\/\/sonotone.ma\/wp-content\/uploads\/2026\/03\/Logo-Sonotone-V1-01-1.png","contentUrl":"https:\/\/sonotone.ma\/wp-content\/uploads\/2026\/03\/Logo-Sonotone-V1-01-1.png","width":300,"height":143,"caption":"Sonotone"},"image":{"@id":"https:\/\/sonotone.ma\/#\/schema\/logo\/image\/"},"sameAs":["https:\/\/www.facebook.com\/sonotone.ma\/","https:\/\/www.youtube.com\/@sonotonesonotone5052","https:\/\/www.instagram.com\/sonotone_ma\/"]}]}},"_links":{"self":[{"href":"https:\/\/sonotone.ma\/en\/wp-json\/wp\/v2\/product\/2412","targetHints":{"allow":["GET"]}}],"collection":[{"href":"https:\/\/sonotone.ma\/en\/wp-json\/wp\/v2\/product"}],"about":[{"href":"https:\/\/sonotone.ma\/en\/wp-json\/wp\/v2\/types\/product"}],"wp:featuredmedia":[{"embeddable":true,"href":"https:\/\/sonotone.ma\/en\/wp-json\/wp\/v2\/media\/2413"}],"wp:attachment":[{"href":"https:\/\/sonotone.ma\/en\/wp-json\/wp\/v2\/media?parent=2412"}],"wp:term":[{"taxonomy":"product_cat","embeddable":true,"href":"https:\/\/sonotone.ma\/en\/wp-json\/wp\/v2\/product_cat?post=2412"},{"taxonomy":"product_tag","embeddable":true,"href":"https:\/\/sonotone.ma\/en\/wp-json\/wp\/v2\/product_tag?post=2412"}],"curies":[{"name":"wp","href":"https:\/\/api.w.org\/{rel}","templated":true}]}}