{"id":2117,"date":"2022-06-24T02:23:25","date_gmt":"2022-06-24T01:23:25","guid":{"rendered":"http:\/\/sonotone.ma\/?page_id=2117"},"modified":"2022-07-25T11:29:26","modified_gmt":"2022-07-25T10:29:26","slug":"espace-assures","status":"publish","type":"page","link":"https:\/\/sonotone.ma\/en\/espace-assures\/","title":{"rendered":"Coverage Members"},"content":{"rendered":"<div class=\"vc_row wpb_row vc_row-fluid\"><div class=\"wpb_column vc_column_container vc_col-sm-12\" data-delay=\"150\"><div class=\"vc_column-inner\"><div class=\"wpb_wrapper\">    <div class=\"cms-title-header vc_custom_1656038155174 style-0 text-center\">\r\n                <h4 class=\"module-header\">\r\n                                \t<span class=\"title1 thin\" style=\"color:#102035; font-size:25px; line-height:0.9;\">DES REMBOURSEMENTS ET GARANTIES QUI RASSURENT!<\/span>\r\n                \t<br\/>\r\n                                            \t   <span class=\"title2 big\" style=\"color:#102035; font-size:18px; line-height:0.9;\">Le saviez-vous ? Plusieurs appareils auditifs sont couverts par des programmes gouvernementaux tels que la CNSS, CNOPS, FAR ou encore vos assurances priv\u00e9es. <\/span>\r\n                            <\/h4>  \r\n                <\/div>\r\n    \r\n     \r\n \r\n \r\n             \r\n \r\n<\/div><\/div><\/div><\/div><div class=\"vc_row wpb_row vc_row-fluid\"><div class=\"wpb_column vc_column_container vc_col-sm-12\" data-delay=\"150\"><div class=\"vc_column-inner\"><div class=\"wpb_wrapper\"><div  class=\"vc_toggle vc_toggle_default vc_toggle_color_default  vc_toggle_size_md   d-none\"><div class=\"vc_toggle_title\"><h4>CNSS - La Caisse Nationale de S\u00e9curit\u00e9 Sociale<\/h4><i class=\"vc_toggle_icon\"><\/i><\/div><div class=\"vc_toggle_content\"><div class=\"elementor-accordion-item\">\n<div id=\"elementor-tab-content-2441\" class=\"elementor-tab-content elementor-clearfix elementor-active\" role=\"tabpanel\" data-tab=\"1\" aria-labelledby=\"elementor-tab-title-2441\">\n<p><img loading=\"lazy\" decoding=\"async\" class=\"size-full wp-image-1091 aligncenter\" src=\"https:\/\/auditec.ma\/wp-content\/uploads\/2020\/10\/logo_ar.png\" alt=\"\" width=\"219\" height=\"171\" \/><\/p>\n<p>Les proth\u00e8ses auditives sont rembours\u00e9es par la CNSS \u00e0 70% sur la base d\u2019un remboursement unique de 5000 Dhs soit 3500 Dhs par oreille.<\/p>\n<p>Ce tarif prend en compte :<\/p>\n<p>\u00b7 Feuille de soin d\u00fbment remplie par votre audioproth\u00e9siste.<br \/>\n\u00b7 Certificat m\u00e9dical<br \/>\n\u00b7 Audiogramme<br \/>\n\u00b7 Devis original<br \/>\n\u00b7 Photocopie de votre CIN et de la carte de votre mutuelle<\/p>\n<p>Apr\u00e8s accord, vous devez constituer votre dossier de remboursement qui doit contenir les \u00e9l\u00e9ments suivants :<\/p>\n<p>\u00b7 Feuille de soin d\u00fbment remplie par votre audioproth\u00e9siste.<br \/>\n\u00b7 Facture originale<br \/>\n\u00b7 Photocopie de votre CIN et de la carte de votre mutuelle.<br \/>\n\u00b7 L\u2019accord pr\u00e9alable.<\/p>\n<\/div>\n<\/div>\n<div class=\"elementor-accordion-item\">\n<div id=\"elementor-tab-title-2442\" class=\"elementor-tab-title\" role=\"tab\" data-tab=\"2\" aria-controls=\"elementor-tab-content-2442\" aria-expanded=\"false\"><\/div>\n<\/div>\n<\/div><\/div>\t<div id=\"cms-accordion\" class=\"cms-accordion layout1 panel-group\">\r\n         \r\n                        <div class=\"panel panel-default\">\r\n                                    <div class=\"panel-heading\">\r\n                        <h4 class=\"panel-title\">\r\n                            <a class=\"accordion-toggle collapsed\" data-toggle=\"collapse\" data-parent=\"#cms-accordion\" href=\"#collapse11863943110\">CNSS - La Caisse Nationale de S\u00e9curit\u00e9 Sociale<\/a>\r\n                        <\/h4>\r\n                    <\/div>\r\n                                                    <div id=\"collapse11863943110\" class=\"panel-collapse collapse\">\r\n                        <div class=\"panel-body\">\r\n                            \r\n                                                        <div class=\"media\">\r\n\t\t\t\t\t\t\t\t<div class=\"media-left\">\r\n                                                                            <img decoding=\"async\" src=\"https:\/\/sonotone.ma\/wp-content\/uploads\/2022\/06\/image_2022-06-24_040527656.png\"\/>\r\n                                     \r\n\t\t\t\t\t\t\t\t<\/div>\r\n\t\t\t\t\t\t\t\t<div class=\"media-body\">\r\n\t\t\t\t\t\t\t\t\tLes proth\u00e8ses auditives sont rembours\u00e9es par la CNSS \u00e0 70% sur la base d\u2019un remboursement unique de 5000 Dhs soit 3500 Dhs par oreille.\n\nCe tarif prend en compte :\n\n\u00b7 Feuille de soin d\u00fbment remplie par votre audioproth\u00e9siste.\n\u00b7 Certificat m\u00e9dical\n\u00b7 Audiogramme\n\u00b7 Devis original\n\u00b7 Photocopie de votre CIN et de la carte de votre mutuelle\n\nApr\u00e8s accord, vous devez constituer votre dossier de remboursement qui doit contenir les \u00e9l\u00e9ments suivants :\n\n\u00b7 Feuille de soin d\u00fbment remplie par votre audioproth\u00e9siste.\n\u00b7 Facture originale\n\u00b7 Photocopie de votre CIN et de la carte de votre mutuelle.\n\u00b7 L\u2019accord pr\u00e9alable.\t\t\t\t\t\t\t\t<\/div>\r\n\t\t\t\t\t\t\t<\/div>\r\n                                                    <\/div>\r\n                    <\/div>\r\n                 \r\n            <\/div>\r\n             \r\n                        <div class=\"panel panel-default\">\r\n                                    <div class=\"panel-heading\">\r\n                        <h4 class=\"panel-title\">\r\n                            <a class=\"accordion-toggle collapsed\" data-toggle=\"collapse\" data-parent=\"#cms-accordion\" href=\"#collapse21425217186\">CNOPS - Caisse nationale des organismes de pr\u00e9voyance sociale<\/a>\r\n                        <\/h4>\r\n                    <\/div>\r\n                                                    <div id=\"collapse21425217186\" class=\"panel-collapse collapse\">\r\n                        <div class=\"panel-body\">\r\n                            \r\n                                                        <div class=\"media\">\r\n\t\t\t\t\t\t\t\t<div class=\"media-left\">\r\n                                                                            <img decoding=\"async\" src=\"https:\/\/sonotone.ma\/wp-content\/uploads\/2022\/06\/image_2022-06-24_040725450.png\"\/>\r\n                                     \r\n\t\t\t\t\t\t\t\t<\/div>\r\n\t\t\t\t\t\t\t\t<div class=\"media-body\">\r\n\t\t\t\t\t\t\t\t\tCNOPS \n\nL\u2019Appareillage Auditif est rembours\u00e9 par la CNOPS \u00e0 hauteur de 10,000.00dh. Vous devez adresser votre dossier \u00e0 votre mutuelle pour un remboursement ult\u00e9rieur.\n\nConstituer votre dossier de remboursement.\n\n \n\nFeuille de soins d\u00fbment remplie et vis\u00e9e par l\u2019audioproth\u00e9siste.\nCertificat m\u00e9dicale.\nAudiogramme\nLa facture originale, (num\u00e9rot\u00e9e, et cachet\u00e9e\u2026).\nPhotocopie de la CIN et de la carte mutuelle.\t\t\t\t\t\t\t\t<\/div>\r\n\t\t\t\t\t\t\t<\/div>\r\n                                                    <\/div>\r\n                    <\/div>\r\n                 \r\n            <\/div>\r\n             \r\n                        <div class=\"panel panel-default\">\r\n                                    <div class=\"panel-heading\">\r\n                        <h4 class=\"panel-title\">\r\n                            <a class=\"accordion-toggle collapsed\" data-toggle=\"collapse\" data-parent=\"#cms-accordion\" href=\"#collapse3999541146\">FAR - La Mutuelle des Forces Arm\u00e9es Royales <\/a>\r\n                        <\/h4>\r\n                    <\/div>\r\n                                                    <div id=\"collapse3999541146\" class=\"panel-collapse collapse\">\r\n                        <div class=\"panel-body\">\r\n                            \r\n                                                        <div class=\"media\">\r\n\t\t\t\t\t\t\t\t<div class=\"media-left\">\r\n                                                                            <img decoding=\"async\" src=\"https:\/\/sonotone.ma\/wp-content\/uploads\/2022\/06\/image_2022-06-24_040808039.png\"\/>\r\n                                     \r\n\t\t\t\t\t\t\t\t<\/div>\r\n\t\t\t\t\t\t\t\t<div class=\"media-body\">\r\n\t\t\t\t\t\t\t\t\tFAR\n\nL\u2019Appareillage Auditif est rembours\u00e9 par la mutuelle des FAR \u00e0 hauteur de 10,000.00dh.\n\nVous devez adresser votre dossier de maladie \u00e0 votre mutuelle pour une prise en charge ; ou bien adresser votre dossier de maladie \u00e0 votre mutuelle pour un remboursement ult\u00e9rieur en cas de payement de votre proth\u00e8se auditive.\n\nConstituer votre dossier maladie Pour une prise en charge.\n\nFeuille de soins d\u00fbment remplie et vis\u00e9e par l\u2019audioproth\u00e9siste.\nCertificat m\u00e9dicale.\nAudiogramme\nAudiom\u00e9trie vocale.\nLe devis original cachet\u00e9.\nPhotocopie de la CIN et de la carte mutuelle.\nPour un remboursement en cas de payement.\n\nFeuille de soins d\u00fbment remplie et vis\u00e9e par l\u2019audioproth\u00e9siste.\nCertificat m\u00e9dicale.\nAudiogramme\nAudiom\u00e9trie vocale.\nLa facture originale, (num\u00e9rot\u00e9e, et cachet\u00e9e\u2026)\nPhotocopie de la CIN et de la carte mutuelle\n\t\t\t\t\t\t\t\t<\/div>\r\n\t\t\t\t\t\t\t<\/div>\r\n                                                    <\/div>\r\n                    <\/div>\r\n                 \r\n            <\/div>\r\n             \r\n                        <div class=\"panel panel-default\">\r\n                                    <div class=\"panel-heading\">\r\n                        <h4 class=\"panel-title\">\r\n                            <a class=\"accordion-toggle collapsed\" data-toggle=\"collapse\" data-parent=\"#cms-accordion\" href=\"#collapse41413890326\">ONEE - L\u2019Office National de l\u2019\u00c9lectricit\u00e9 et de l\u2019Eau potable<\/a>\r\n                        <\/h4>\r\n                    <\/div>\r\n                                                    <div id=\"collapse41413890326\" class=\"panel-collapse collapse\">\r\n                        <div class=\"panel-body\">\r\n                            \r\n                                                        <div class=\"media\">\r\n\t\t\t\t\t\t\t\t<div class=\"media-left\">\r\n                                                                            <img decoding=\"async\" src=\"https:\/\/sonotone.ma\/wp-content\/uploads\/2022\/06\/image_2022-06-24_040854266.png\"\/>\r\n                                     \r\n\t\t\t\t\t\t\t\t<\/div>\r\n\t\t\t\t\t\t\t\t<div class=\"media-body\">\r\n\t\t\t\t\t\t\t\t\tLes proth\u00e8ses auditives sont prises en charge par ONEE.\n\nPour constituer votre dossier de prise en charge, vous devez fournir :\n\n\u00b7 Feuille de soin d\u00fbment remplie par votre audioproth\u00e9siste.\n\u00b7 Certificat m\u00e9dical\n\u00b7 Audiogramme\n\u00b7 Devis original\n\u00b7 Photocopie de votre CIN et de la carte de votre mutuelle\n\n\t\t\t\t\t\t\t\t<\/div>\r\n\t\t\t\t\t\t\t<\/div>\r\n                                                    <\/div>\r\n                    <\/div>\r\n                 \r\n            <\/div>\r\n             \r\n                        <div class=\"panel panel-default\">\r\n                                    <div class=\"panel-heading\">\r\n                        <h4 class=\"panel-title\">\r\n                            <a class=\"accordion-toggle collapsed\" data-toggle=\"collapse\" data-parent=\"#cms-accordion\" href=\"#collapse52125895266\">MUPRAS - La Mutuelle de pr\u00e9voyance et d\u2019actions sociales de Royal Air Maroc<\/a>\r\n                        <\/h4>\r\n                    <\/div>\r\n                                                    <div id=\"collapse52125895266\" class=\"panel-collapse collapse\">\r\n                        <div class=\"panel-body\">\r\n                            \r\n                                                        <div class=\"media\">\r\n\t\t\t\t\t\t\t\t<div class=\"media-left\">\r\n                                                                            <img decoding=\"async\" src=\"https:\/\/sonotone.ma\/wp-content\/uploads\/2022\/06\/image_2022-06-24_040926752.png\"\/>\r\n                                     \r\n\t\t\t\t\t\t\t\t<\/div>\r\n\t\t\t\t\t\t\t\t<div class=\"media-body\">\r\n\t\t\t\t\t\t\t\t\tLes proth\u00e8ses auditives sont prises en charge par MUPRAS.\n\nPour constituer votre dossier de prise en charge, vous devez fournir :\n\n\u00b7 Feuille de soin d\u00fbment remplie par votre audioproth\u00e9siste.\n\u00b7 Certificat m\u00e9dical\n\u00b7 Audiogramme\n\u00b7 Devis original\n\u00b7 Photocopie de votre CIN et de la carte de votre mutuelle\t\t\t\t\t\t\t\t<\/div>\r\n\t\t\t\t\t\t\t<\/div>\r\n                                                    <\/div>\r\n                    <\/div>\r\n                 \r\n            <\/div>\r\n             \r\n                        <div class=\"panel panel-default\">\r\n                                    <div class=\"panel-heading\">\r\n                        <h4 class=\"panel-title\">\r\n                            <a class=\"accordion-toggle collapsed\" data-toggle=\"collapse\" data-parent=\"#cms-accordion\" href=\"#collapse6603023541\">ASSURANCES ET MUTUELLES PRIV\u00c9ES<\/a>\r\n                        <\/h4>\r\n                    <\/div>\r\n                                                    <div id=\"collapse6603023541\" class=\"panel-collapse collapse\">\r\n                        <div class=\"panel-body\">\r\n                            \r\n                                                            <p>Remboursement ou Prises en charge selon le contrat, N\u2019h\u00e9sitez pas \u00e0 consulter les services comp\u00e9tents de votre assurance ou mutuelle pour plus d\u2019information.\n<\/p>\r\n                                                    <\/div>\r\n                    <\/div>\r\n                 \r\n            <\/div>\r\n             \r\n            \t\t  \r\n\t<\/div>\r\n<\/div><\/div><\/div><\/div>","protected":false},"excerpt":{"rendered":"DES REMBOURSEMENTS ET GARANTIES QUI RASSURENT! Le saviez-vous ? Plusieurs appareils auditifs sont couverts par des programmes gouvernementaux tels que la CNSS, CNOPS, FAR ou encore vos assurances priv\u00e9es. CNSS - La Caisse Nationale de S\u00e9curit\u00e9 Sociale Les proth\u00e8ses auditives sont rembours\u00e9es par la CNSS \u00e0 70% sur la base","protected":false},"author":2,"featured_media":0,"parent":0,"menu_order":0,"comment_status":"closed","ping_status":"closed","template":"","meta":{"footnotes":""},"class_list":["post-2117","page","type-page","status-publish","hentry"],"yoast_head":"<!-- This site is optimized with the Yoast SEO Premium plugin v27.1 (Yoast SEO v27.1) - https:\/\/yoast.com\/product\/yoast-seo-premium-wordpress\/ -->\n<title>Espace Assur\u00e9s - Sonotone<\/title>\n<meta name=\"robots\" content=\"index, follow, max-snippet:-1, max-image-preview:large, max-video-preview:-1\" \/>\n<link rel=\"canonical\" href=\"https:\/\/sonotone.ma\/en\/espace-assures\/\" \/>\n<meta property=\"og:locale\" content=\"en_US\" \/>\n<meta property=\"og:type\" content=\"article\" \/>\n<meta property=\"og:title\" content=\"Espace Assur\u00e9s\" \/>\n<meta property=\"og:url\" content=\"https:\/\/sonotone.ma\/en\/espace-assures\/\" \/>\n<meta property=\"og:site_name\" content=\"Sonotone\" \/>\n<meta property=\"article:publisher\" content=\"https:\/\/www.facebook.com\/sonotone.ma\/\" \/>\n<meta property=\"article:modified_time\" content=\"2022-07-25T10:29:26+00:00\" \/>\n<meta name=\"twitter:card\" content=\"summary_large_image\" \/>\n<meta name=\"twitter:label1\" content=\"Est. reading time\" \/>\n\t<meta name=\"twitter:data1\" content=\"5 minutes\" \/>\n<script type=\"application\/ld+json\" class=\"yoast-schema-graph\">{\"@context\":\"https:\/\/schema.org\",\"@graph\":[{\"@type\":\"WebPage\",\"@id\":\"https:\/\/sonotone.ma\/espace-assures\/\",\"url\":\"https:\/\/sonotone.ma\/espace-assures\/\",\"name\":\"Espace Assur\u00e9s - Sonotone\",\"isPartOf\":{\"@id\":\"https:\/\/sonotone.ma\/#website\"},\"primaryImageOfPage\":{\"@id\":\"https:\/\/sonotone.ma\/espace-assures\/#primaryimage\"},\"image\":{\"@id\":\"https:\/\/sonotone.ma\/espace-assures\/#primaryimage\"},\"thumbnailUrl\":\"https:\/\/auditec.ma\/wp-content\/uploads\/2020\/10\/logo_ar.png\",\"datePublished\":\"2022-06-24T01:23:25+00:00\",\"dateModified\":\"2022-07-25T10:29:26+00:00\",\"breadcrumb\":{\"@id\":\"https:\/\/sonotone.ma\/espace-assures\/#breadcrumb\"},\"inLanguage\":\"en-US\",\"potentialAction\":[{\"@type\":\"ReadAction\",\"target\":[\"https:\/\/sonotone.ma\/espace-assures\/\"]}]},{\"@type\":\"ImageObject\",\"inLanguage\":\"en-US\",\"@id\":\"https:\/\/sonotone.ma\/espace-assures\/#primaryimage\",\"url\":\"https:\/\/auditec.ma\/wp-content\/uploads\/2020\/10\/logo_ar.png\",\"contentUrl\":\"https:\/\/auditec.ma\/wp-content\/uploads\/2020\/10\/logo_ar.png\"},{\"@type\":\"BreadcrumbList\",\"@id\":\"https:\/\/sonotone.ma\/espace-assures\/#breadcrumb\",\"itemListElement\":[{\"@type\":\"ListItem\",\"position\":1,\"name\":\"Home\",\"item\":\"https:\/\/sonotone.ma\/\"},{\"@type\":\"ListItem\",\"position\":2,\"name\":\"Espace Assur\u00e9s\"}]},{\"@type\":\"WebSite\",\"@id\":\"https:\/\/sonotone.ma\/#website\",\"url\":\"https:\/\/sonotone.ma\/\",\"name\":\"Sonotone\",\"description\":\"centres de correction auditive\",\"publisher\":{\"@id\":\"https:\/\/sonotone.ma\/#organization\"},\"potentialAction\":[{\"@type\":\"SearchAction\",\"target\":{\"@type\":\"EntryPoint\",\"urlTemplate\":\"https:\/\/sonotone.ma\/?s={search_term_string}\"},\"query-input\":{\"@type\":\"PropertyValueSpecification\",\"valueRequired\":true,\"valueName\":\"search_term_string\"}}],\"inLanguage\":\"en-US\"},{\"@type\":\"Organization\",\"@id\":\"https:\/\/sonotone.ma\/#organization\",\"name\":\"Sonotone\",\"url\":\"https:\/\/sonotone.ma\/\",\"logo\":{\"@type\":\"ImageObject\",\"inLanguage\":\"en-US\",\"@id\":\"https:\/\/sonotone.ma\/#\/schema\/logo\/image\/\",\"url\":\"https:\/\/sonotone.ma\/wp-content\/uploads\/2026\/03\/Logo-Sonotone-V1-01-1.png\",\"contentUrl\":\"https:\/\/sonotone.ma\/wp-content\/uploads\/2026\/03\/Logo-Sonotone-V1-01-1.png\",\"width\":300,\"height\":143,\"caption\":\"Sonotone\"},\"image\":{\"@id\":\"https:\/\/sonotone.ma\/#\/schema\/logo\/image\/\"},\"sameAs\":[\"https:\/\/www.facebook.com\/sonotone.ma\/\",\"https:\/\/www.youtube.com\/@sonotonesonotone5052\",\"https:\/\/www.instagram.com\/sonotone_ma\/\"]}]}<\/script>\n<!-- \/ Yoast SEO Premium plugin. -->","yoast_head_json":{"title":"Espace Assur\u00e9s - Sonotone","robots":{"index":"index","follow":"follow","max-snippet":"max-snippet:-1","max-image-preview":"max-image-preview:large","max-video-preview":"max-video-preview:-1"},"canonical":"https:\/\/sonotone.ma\/en\/espace-assures\/","og_locale":"en_US","og_type":"article","og_title":"Espace Assur\u00e9s","og_url":"https:\/\/sonotone.ma\/en\/espace-assures\/","og_site_name":"Sonotone","article_publisher":"https:\/\/www.facebook.com\/sonotone.ma\/","article_modified_time":"2022-07-25T10:29:26+00:00","twitter_card":"summary_large_image","twitter_misc":{"Est. reading time":"5 minutes"},"schema":{"@context":"https:\/\/schema.org","@graph":[{"@type":"WebPage","@id":"https:\/\/sonotone.ma\/espace-assures\/","url":"https:\/\/sonotone.ma\/espace-assures\/","name":"Espace Assur\u00e9s - Sonotone","isPartOf":{"@id":"https:\/\/sonotone.ma\/#website"},"primaryImageOfPage":{"@id":"https:\/\/sonotone.ma\/espace-assures\/#primaryimage"},"image":{"@id":"https:\/\/sonotone.ma\/espace-assures\/#primaryimage"},"thumbnailUrl":"https:\/\/auditec.ma\/wp-content\/uploads\/2020\/10\/logo_ar.png","datePublished":"2022-06-24T01:23:25+00:00","dateModified":"2022-07-25T10:29:26+00:00","breadcrumb":{"@id":"https:\/\/sonotone.ma\/espace-assures\/#breadcrumb"},"inLanguage":"en-US","potentialAction":[{"@type":"ReadAction","target":["https:\/\/sonotone.ma\/espace-assures\/"]}]},{"@type":"ImageObject","inLanguage":"en-US","@id":"https:\/\/sonotone.ma\/espace-assures\/#primaryimage","url":"https:\/\/auditec.ma\/wp-content\/uploads\/2020\/10\/logo_ar.png","contentUrl":"https:\/\/auditec.ma\/wp-content\/uploads\/2020\/10\/logo_ar.png"},{"@type":"BreadcrumbList","@id":"https:\/\/sonotone.ma\/espace-assures\/#breadcrumb","itemListElement":[{"@type":"ListItem","position":1,"name":"Home","item":"https:\/\/sonotone.ma\/"},{"@type":"ListItem","position":2,"name":"Espace Assur\u00e9s"}]},{"@type":"WebSite","@id":"https:\/\/sonotone.ma\/#website","url":"https:\/\/sonotone.ma\/","name":"Sonotone","description":"centres de correction auditive","publisher":{"@id":"https:\/\/sonotone.ma\/#organization"},"potentialAction":[{"@type":"SearchAction","target":{"@type":"EntryPoint","urlTemplate":"https:\/\/sonotone.ma\/?s={search_term_string}"},"query-input":{"@type":"PropertyValueSpecification","valueRequired":true,"valueName":"search_term_string"}}],"inLanguage":"en-US"},{"@type":"Organization","@id":"https:\/\/sonotone.ma\/#organization","name":"Sonotone","url":"https:\/\/sonotone.ma\/","logo":{"@type":"ImageObject","inLanguage":"en-US","@id":"https:\/\/sonotone.ma\/#\/schema\/logo\/image\/","url":"https:\/\/sonotone.ma\/wp-content\/uploads\/2026\/03\/Logo-Sonotone-V1-01-1.png","contentUrl":"https:\/\/sonotone.ma\/wp-content\/uploads\/2026\/03\/Logo-Sonotone-V1-01-1.png","width":300,"height":143,"caption":"Sonotone"},"image":{"@id":"https:\/\/sonotone.ma\/#\/schema\/logo\/image\/"},"sameAs":["https:\/\/www.facebook.com\/sonotone.ma\/","https:\/\/www.youtube.com\/@sonotonesonotone5052","https:\/\/www.instagram.com\/sonotone_ma\/"]}]}},"_links":{"self":[{"href":"https:\/\/sonotone.ma\/en\/wp-json\/wp\/v2\/pages\/2117","targetHints":{"allow":["GET"]}}],"collection":[{"href":"https:\/\/sonotone.ma\/en\/wp-json\/wp\/v2\/pages"}],"about":[{"href":"https:\/\/sonotone.ma\/en\/wp-json\/wp\/v2\/types\/page"}],"author":[{"embeddable":true,"href":"https:\/\/sonotone.ma\/en\/wp-json\/wp\/v2\/users\/2"}],"replies":[{"embeddable":true,"href":"https:\/\/sonotone.ma\/en\/wp-json\/wp\/v2\/comments?post=2117"}],"version-history":[{"count":4,"href":"https:\/\/sonotone.ma\/en\/wp-json\/wp\/v2\/pages\/2117\/revisions"}],"predecessor-version":[{"id":2431,"href":"https:\/\/sonotone.ma\/en\/wp-json\/wp\/v2\/pages\/2117\/revisions\/2431"}],"wp:attachment":[{"href":"https:\/\/sonotone.ma\/en\/wp-json\/wp\/v2\/media?parent=2117"}],"curies":[{"name":"wp","href":"https:\/\/api.w.org\/{rel}","templated":true}]}}